{"id":57,"date":"2024-10-03T11:21:11","date_gmt":"2024-10-03T09:21:11","guid":{"rendered":"http:\/\/energieregion-seeland.ch\/?page_id=57"},"modified":"2025-06-05T13:16:00","modified_gmt":"2025-06-05T11:16:00","slug":"projekteingabe","status":"publish","type":"page","link":"https:\/\/energieregion-seeland.ch\/fr\/projekteingabe\/","title":{"rendered":"Projekteingabe"},"content":{"rendered":"<div id=\"cs-content\" class=\"cs-content\"><div class=\"x-section e57-e1-v0 m1l-0 m1l-1\"><div class=\"x-bg\" aria-hidden=\"true\"><div class=\"x-bg-layer-lower-image\" data-x-element-bg-layer=\"{&quot;parallaxSize&quot;:&quot;150%&quot;,&quot;parallaxDir&quot;:&quot;v&quot;,&quot;parallaxRev&quot;:false}\" style=\" background-image: url(https:\/\/energieregion-seeland.ch\/wp-content\/uploads\/2024\/10\/Energieregion_Seeland_Bild-2-scaled.webp); background-repeat: no-repeat; background-position: center; background-size: cover;\"><\/div><div class=\"x-bg-layer-upper-color\" style=\" background-color: #24242459;\"><\/div><\/div><div class=\"x-row x-container max width e57-e1-v1 m1l-5 m1l-6 m1l-8\"><div class=\"x-row-inner\"><div class=\"x-col e57-e1-v2 m1l-a m1l-b\"><div style=\"--tco-dc1l-0:#f7f7f7;--tco-dc1l-2:#f7f7f7;--tco-dc1l-4:#f7f7f7;\" class=\"x-text x-text-headline e57-e1-v3 m1l-c m1l-d\"><div class=\"x-text-content\"><div class=\"x-text-content-text\"><h1 class=\"x-text-content-text-primary\">Projet de bonnes pratiques<\/h1>\n<\/div><\/div><\/div><div style=\"--tco-dc1l-6:#f7f7f7;--tco-dc1l-8:#f7f7f7;--tco-dc1l-a:#f7f7f7;--tco-dc1l-c:#f7f7f7;\" class=\"x-text x-content e57-e1-v4 m1l-f m1l-g m1l-h\">partagez votre projet phare avec nous pour inspirer d'autres communaut\u00e9s<\/div><\/div><\/div><\/div><\/div><div class=\"x-section e57-e2 m1l-0 m1l-2\"><div class=\"x-row x-container max width e57-e3 m1l-5 m1l-7 m1l-9\"><div class=\"x-row-inner\"><div class=\"x-col e57-e4 m1l-b\"><div style=\"--tco-dc1l-e:#242424;--tco-dc1l-g:#242424;--tco-dc1l-i:#242424;\" class=\"x-text x-text-headline e57-e5-v0 m1l-d m1l-e m1l-3\"><div class=\"x-text-content\"><div class=\"x-text-content-text\"><h2 class=\"x-text-content-text-primary\">Votre bonne pratique<\/h2>\n<\/div><\/div><\/div><div style=\"--tco-dc1l-k:#242424;\" class=\"x-text x-content e57-e6-v0 m1l-g m1l-i m1l-j m1l-4\"><p>Vous avez vous aussi un projet de bonne pratique de votre commune que vous souhaitez pr\u00e9senter sur ce site ? Remplissez le formulaire avec les informations correspondantes et nous cr\u00e9erons la r\u00e9f\u00e9rence pour vous.<\/p>\n<p>\u00catre un mod\u00e8le et une r\u00e9f\u00e9rence pour les autres !<\/p><\/div><\/div><div class=\"x-col e57-e7 m1l-b\"><div class=\"x-text x-content e57-e8 m1l-g m1l-h m1l-j m1l-k\"><div class=\"forminator-ui forminator-custom-form forminator-custom-form-139 forminator-design--flat  forminator_ajax\" data-forminator-render=\"0\" data-form=\"forminator-module-139\" data-uid=\"69e2746df3804\"><br\/><\/div><form\n\t\t\t\tid=\"forminator-module-139\"\n\t\t\t\tclass=\"forminator-ui forminator-custom-form forminator-custom-form-139 forminator-design--flat  forminator_ajax\"\n\t\t\t\tmethod=\"post\"\n\t\t\t\tdata-forminator-render=\"0\"\n\t\t\t\tdata-form-id=\"139\"\n\t\t\t\tenctype=\"multipart\/form-data\" data-color-option=\"default\" data-design=\"flat\" data-grid=\"open\" style=\"display: none;\"\n\t\t\t\tdata-uid=\"69e2746df3804\" action=\"\"\n\t\t\t><div role=\"alert\" aria-live=\"polite\" class=\"forminator-response-message forminator-error\" aria-hidden=\"true\"><\/div><div class=\"forminator-row\"><div id=\"name-1\" class=\"forminator-field-name forminator-col forminator-col-6\"><div class=\"forminator-field\"><label for=\"forminator-field-name-1_69e2746df3804\" id=\"forminator-field-name-1_69e2746df3804-label\" class=\"forminator-label\">Votre nom <span class=\"forminator-required\">*<\/span><\/label><input type=\"text\" name=\"name-1\" value=\"\" placeholder=\"\" id=\"forminator-field-name-1_69e2746df3804\" class=\"forminator-input forminator-name--field\" aria-required=\"true\" autocomplete=\"name\" \/><\/div><\/div><div id=\"text-2\" class=\"forminator-field-text forminator-col forminator-col-6\"><div class=\"forminator-field\"><label for=\"forminator-field-text-2_69e2746df3804\" id=\"forminator-field-text-2_69e2746df3804-label\" class=\"forminator-label\">Votre commune<\/label><input type=\"text\" name=\"text-2\" value=\"\" placeholder=\"\" id=\"forminator-field-text-2_69e2746df3804\" class=\"forminator-input forminator-name--field\" data-required=\"\" \/><\/div><\/div><\/div><div class=\"forminator-row\"><div id=\"email-1\" class=\"forminator-field-email forminator-col forminator-col-6\"><div class=\"forminator-field\"><label for=\"forminator-field-email-1_69e2746df3804\" id=\"forminator-field-email-1_69e2746df3804-label\" class=\"forminator-label\">E-Mail <span class=\"forminator-required\">*<\/span><\/label><input type=\"email\" name=\"email-1\" value=\"\" placeholder=\"\" id=\"forminator-field-email-1_69e2746df3804\" class=\"forminator-input forminator-email--field\" data-required=\"true\" aria-required=\"true\" autocomplete=\"email\" \/><\/div><\/div><div id=\"phone-1\" class=\"forminator-field-phone forminator-col forminator-col-6\"><div class=\"forminator-field\"><label for=\"forminator-field-phone-1_69e2746df3804\" id=\"forminator-field-phone-1_69e2746df3804-label\" class=\"forminator-label\">T\u00e9l\u00e9phone<\/label><input type=\"text\" name=\"phone-1\" value=\"\" placeholder=\"\" id=\"forminator-field-phone-1_69e2746df3804\" class=\"forminator-input forminator-field--phone\" data-required=\"\" aria-required=\"false\" autocomplete=\"off\" \/><\/div><\/div><\/div><div class=\"forminator-row\"><div id=\"group-1\" class=\"forminator-field-group forminator-col forminator-col-12\"><label class=\"forminator-label forminator-repeater-label\">Votre projet de bonnes pratiques<\/label><div class=\"forminator-all-group-copies forminator-repeater-field\"><div class=\"forminator-grouped-fields\" data-options=\"{&quot;is_repeater&quot;:false,&quot;min_type&quot;:&quot;custom&quot;,&quot;max_type&quot;:&quot;custom&quot;,&quot;min&quot;:1,&quot;max&quot;:9223372036854775807,&quot;add_text&quot;:&quot;Ajouter un \\u00e9l\\u00e9ment&quot;,&quot;remove_text&quot;:&quot;Retirer l\\u2018\\u00e9l\\u00e9ment&quot;,&quot;action_element_type&quot;:&quot;button&quot;}\"><div class=\"forminator-row\"><div id=\"text-3\" class=\"forminator-field-text forminator-col forminator-col-12\"><div class=\"forminator-field\"><label for=\"forminator-field-text-3_69e2746df3804\" id=\"forminator-field-text-3_69e2746df3804-label\" class=\"forminator-label\">Titre du projet <span class=\"forminator-required\">*<\/span><\/label><input type=\"text\" name=\"text-3\" value=\"\" placeholder=\"\" id=\"forminator-field-text-3_69e2746df3804\" class=\"forminator-input forminator-name--field\" data-required=\"1\" \/><\/div><\/div><\/div><div class=\"forminator-row\"><div id=\"textarea-1\" class=\"forminator-field-textarea forminator-col forminator-col-12\"><div class=\"forminator-field\"><label for=\"forminator-field-textarea-1_69e2746df3804\" id=\"forminator-field-textarea-1_69e2746df3804-label\" class=\"forminator-label\">Description du projet <span class=\"forminator-required\">*<\/span><\/label><textarea name=\"textarea-1\" placeholder=\"\" id=\"forminator-field-textarea-1_69e2746df3804\" class=\"forminator-textarea\" rows=\"6\" style=\"min-height:300px;\" ><\/textarea><span id=\"forminator-field-textarea-1_69e2746df3804-description\" class=\"forminator-description\"><span data-limit=\"500\" data-type=\"words\" data-editor=\"\">0 \/ 500<\/span><\/span><\/div><\/div><\/div><div class=\"forminator-row\"><div id=\"text-4\" class=\"forminator-field-text forminator-col forminator-col-6\"><div class=\"forminator-field\"><label for=\"forminator-field-text-4_69e2746df3804\" id=\"forminator-field-text-4_69e2746df3804-label\" class=\"forminator-label\">Lieu du projet <span class=\"forminator-required\">*<\/span><\/label><input type=\"text\" name=\"text-4\" value=\"\" placeholder=\"\" id=\"forminator-field-text-4_69e2746df3804\" class=\"forminator-input forminator-name--field\" data-required=\"1\" \/><\/div><\/div><div id=\"text-5\" class=\"forminator-field-text forminator-col forminator-col-6\"><div class=\"forminator-field\"><label for=\"forminator-field-text-5_69e2746df3804\" id=\"forminator-field-text-5_69e2746df3804-label\" class=\"forminator-label\">P\u00e9riode <span class=\"forminator-required\">*<\/span><\/label><input type=\"text\" name=\"text-5\" value=\"\" placeholder=\"\" id=\"forminator-field-text-5_69e2746df3804\" class=\"forminator-input forminator-name--field\" data-required=\"1\" \/><\/div><\/div><\/div><div class=\"forminator-row\"><div id=\"text-6\" class=\"forminator-field-text forminator-col forminator-col-6\"><div class=\"forminator-field\"><label for=\"forminator-field-text-6_69e2746df3804\" id=\"forminator-field-text-6_69e2746df3804-label\" class=\"forminator-label\">Personne de contact<\/label><input type=\"text\" name=\"text-6\" value=\"\" placeholder=\"\" id=\"forminator-field-text-6_69e2746df3804\" class=\"forminator-input forminator-name--field\" data-required=\"\" \/><\/div><\/div><div id=\"url-1\" class=\"forminator-field-url forminator-col forminator-col-6\"><div class=\"forminator-field\"><label for=\"forminator-field-url-1_69e2746df3804\" id=\"forminator-field-url-1_69e2746df3804-label\" class=\"forminator-label\">Lien vers le projet<\/label><input type=\"url\" name=\"url-1\" value=\"\" placeholder=\"\" id=\"forminator-field-url-1_69e2746df3804\" class=\"forminator-input forminator-website--field\" data-required=\"\" aria-required=\"false\" \/><\/div><\/div><\/div><\/div><\/div><\/div><\/div><div class=\"forminator-row\"><div id=\"upload-1\" class=\"forminator-field-upload forminator-col forminator-col-12\"><div class=\"forminator-field\"><label for=\"forminator-field-upload-1_69e2746df3804\" id=\"forminator-field-upload-1_69e2746df3804-label\" class=\"forminator-label\">T\u00e9l\u00e9charger un document<\/label><div class=\"forminator-multi-upload\" data-element=\"upload-1_69e2746df3804\"><input type=\"file\" name=\"upload-1[]\" id=\"forminator-field-upload-1_69e2746df3804\" class=\"forminator-input-file forminator-field-upload-1_69e2746df3804-139\" multiple=\"multiple\" data-method=\"ajax\" data-size=\"8000000\" data-size-message=\"Maximum file size allowed is 8 MB. \"><div class=\"forminator-multi-upload-message\" aria-hidden=\"true\"><span class=\"forminator-icon-upload\" aria-hidden=\"true\"><\/span><p>Glissez et d\u00e9posez (ou) <a class=\"forminator-upload-file--forminator-field-upload-1_69e2746df3804\" href=\"#\" onclick=\"return false;\">Choisissez des fichiers<\/a><\/p><\/div><\/div><ul class=\"forminator-uploaded-files upload-container-upload-1_69e2746df3804\"><\/ul><\/div><\/div><\/div><input type=\"hidden\" name=\"referer_url\" value=\"\" \/><div class=\"forminator-row forminator-row-last\"><div class=\"forminator-col\"><div class=\"forminator-field\"><button class=\"forminator-button forminator-button-submit\">Envoyer le message<\/button><\/div><\/div><\/div><input type=\"hidden\" id=\"forminator_nonce\" name=\"forminator_nonce\" value=\"c4fcf095e0\" \/><input type=\"hidden\" name=\"_wp_http_referer\" value=\"\/fr\/wp-json\/wp\/v2\/pages\/57\" \/><input type=\"hidden\" name=\"form_id\" value=\"139\"><input type=\"hidden\" name=\"page_id\" value=\"57\"><input type=\"hidden\" name=\"form_type\" value=\"default\"><input type=\"hidden\" name=\"current_url\" value=\"https:\/\/energieregion-seeland.ch\/fr\/projekteingabe\/\"><input type=\"hidden\" name=\"render_id\" value=\"0\"><input type=\"hidden\" name=\"forminator-multifile-hidden\" class=\"forminator-multifile-hidden\"><input type=\"hidden\" name=\"action\" value=\"forminator_submit_form_custom-forms\"><label for=\"input_13\" class=\"forminator-hidden\" aria-hidden=\"true\">Veuillez ne pas remplir ce champ. <input id=\"input_13\" type=\"text\" name=\"input_13\" value=\"\" autocomplete=\"off\"><\/label><input type=\"hidden\" name=\"trp-form-language\" value=\"fr\"\/><\/form><\/div><\/div><\/div><\/div><\/div><\/div>","protected":false},"excerpt":{"rendered":"<p>Good Practice-Projekt teilen Sie uns Ihr Vorzeige-Projekt mit um andere Gemeinden zu inspirierenIhr Good Practice Haben auch Sie ein Good Practice-Projekt Ihrer Gemeinde, das Sie auf dieser Website vorstellen m\u00f6chten? F\u00fcllen Sie das Formular mit den entsprechenden Angaben aus und wir erstellen die Referenz f\u00fcr Sie. Vorbild und Referenz sein f\u00fcr andere!Ihr Name *Ihre GemeindeE-Mail *TelefonIhr Good Practice-ProjektProjekttitel *Projektbeschreibung *0\u2026<\/p>","protected":false},"author":1,"featured_media":0,"parent":0,"menu_order":0,"comment_status":"closed","ping_status":"closed","template":"template-blank-4.php","meta":{"_acf_changed":false,"footnotes":""},"class_list":["post-57","page","type-page","status-publish","hentry","no-post-thumbnail"],"acf":[],"_links":{"self":[{"href":"https:\/\/energieregion-seeland.ch\/fr\/wp-json\/wp\/v2\/pages\/57","targetHints":{"allow":["GET"]}}],"collection":[{"href":"https:\/\/energieregion-seeland.ch\/fr\/wp-json\/wp\/v2\/pages"}],"about":[{"href":"https:\/\/energieregion-seeland.ch\/fr\/wp-json\/wp\/v2\/types\/page"}],"author":[{"embeddable":true,"href":"https:\/\/energieregion-seeland.ch\/fr\/wp-json\/wp\/v2\/users\/1"}],"replies":[{"embeddable":true,"href":"https:\/\/energieregion-seeland.ch\/fr\/wp-json\/wp\/v2\/comments?post=57"}],"version-history":[{"count":6,"href":"https:\/\/energieregion-seeland.ch\/fr\/wp-json\/wp\/v2\/pages\/57\/revisions"}],"predecessor-version":[{"id":510,"href":"https:\/\/energieregion-seeland.ch\/fr\/wp-json\/wp\/v2\/pages\/57\/revisions\/510"}],"wp:attachment":[{"href":"https:\/\/energieregion-seeland.ch\/fr\/wp-json\/wp\/v2\/media?parent=57"}],"curies":[{"name":"wp","href":"https:\/\/api.w.org\/{rel}","templated":true}]}}