{"id":471,"date":"2025-02-06T11:13:15","date_gmt":"2025-02-06T10:13:15","guid":{"rendered":"http:\/\/energieregion-seeland.ch\/?page_id=471"},"modified":"2025-02-06T11:13:15","modified_gmt":"2025-02-06T10:13:15","slug":"impressum","status":"publish","type":"page","link":"https:\/\/energieregion-seeland.ch\/fr\/impressum\/","title":{"rendered":"Impressum"},"content":{"rendered":"<div id=\"cs-content\" class=\"cs-content\"><div class=\"x-section e471-e1 md3-0\"><div class=\"x-row x-container max width e471-e2 md3-2 md3-3\"><div class=\"x-row-inner\"><div class=\"x-col e471-e3 md3-4\"><div style=\"--tco-dcd3-0:#242424;\" class=\"x-text x-content e471-e4-v0 md3-5 md3-1\"><p><strong>Verantwortliche<br \/>\n<\/strong>Emch+Berger Revelio AG<br \/>\n<span class=\"address-line1\">Schl\u00f6sslistrasse 23<\/span><br \/>\n<span class=\"postal-code\">3001<\/span><span>\u00a0<\/span><span class=\"locality\">Bern<\/span><br \/>\n<span class=\"country\">Schweiz<\/span><\/p>\n<p><strong>Urheberrechte<\/strong><br \/>\nDie Urheber- und alle anderen Rechte an Inhalten, Bildern, Fotos oder anderen Dateien auf der Website geh\u00f6ren ausschliesslich Emch+Berger Revelio AG oder den speziell genannten Rechtsinhabern. F\u00fcr die Reproduktion jeglicher Elemente ist die schriftliche Zustimmung der Urheberrechtstr\u00e4ger im Voraus einzuholen.<\/p>\n<p><strong>Datenschutz<\/strong><br \/>\nGest\u00fctzt auf Artikel 13 der schweizerischen Bundesverfassung und die datenschutzrechtlichen Bestimmungen des Bundes (Datenschutzgesetz, DSG) hat jede Person Anspruch auf Schutz ihrer Privatsph\u00e4re sowie auf Schutz vor Missbrauch ihrer pers\u00f6nlichen Daten. Wir halten diese Bestimmungen ein. Pers\u00f6nliche Daten werden streng vertraulich behandelt und weder an Dritte verkauft noch weiter gegeben.<\/p>\n<p>In enger Zusammenarbeit mit unseren Hosting-Providern bem\u00fchen wir uns, die Datenbanken so gut wie m\u00f6glich vor fremden Zugriffen, Verlusten, Missbrauch oder vor F\u00e4lschung zu sch\u00fctzen.<br \/>\nBeim Zugriff auf unsere Webseiten werden folgende Daten in Logfiles gespeichert: IP-Adresse, Datum, Uhrzeit, Browser-Anfrage und allg. \u00fcbertragene Informationen zum Betriebssystem resp. Browser. Diese Nutzungsdaten bilden die Basis f\u00fcr statistische, anonyme Auswertungen, so dass Trends erkennbar sind, anhand derer wir unsere Angebote entsprechend verbessern k\u00f6nnen.<\/p>\n<p><strong>Erhebung, Verarbeitung und Nutzung personenbezogener Daten<\/strong><br \/>\nBei einem Besuch dieser Website erheben wir keine personenbezogenen Daten von Ihnen.<\/p><\/div><\/div><\/div><\/div><\/div><\/div>","protected":false},"excerpt":{"rendered":"<p>Verantwortliche Emch+Berger Revelio AG Schl\u00f6sslistrasse 23 3001\u00a0Bern Schweiz Urheberrechte Die Urheber- und alle anderen Rechte an Inhalten, Bildern, Fotos oder anderen Dateien auf der Website geh\u00f6ren ausschliesslich Emch+Berger Revelio AG oder den speziell genannten Rechtsinhabern. F\u00fcr die Reproduktion jeglicher Elemente ist die schriftliche Zustimmung der Urheberrechtstr\u00e4ger im Voraus einzuholen. Datenschutz Gest\u00fctzt auf Artikel 13 der schweizerischen Bundesverfassung und die datenschutzrechtlichen\u2026<\/p>","protected":false},"author":1,"featured_media":0,"parent":0,"menu_order":0,"comment_status":"closed","ping_status":"closed","template":"template-blank-4.php","meta":{"_acf_changed":false,"footnotes":""},"class_list":["post-471","page","type-page","status-publish","hentry","no-post-thumbnail"],"acf":[],"_links":{"self":[{"href":"https:\/\/energieregion-seeland.ch\/fr\/wp-json\/wp\/v2\/pages\/471","targetHints":{"allow":["GET"]}}],"collection":[{"href":"https:\/\/energieregion-seeland.ch\/fr\/wp-json\/wp\/v2\/pages"}],"about":[{"href":"https:\/\/energieregion-seeland.ch\/fr\/wp-json\/wp\/v2\/types\/page"}],"author":[{"embeddable":true,"href":"https:\/\/energieregion-seeland.ch\/fr\/wp-json\/wp\/v2\/users\/1"}],"replies":[{"embeddable":true,"href":"https:\/\/energieregion-seeland.ch\/fr\/wp-json\/wp\/v2\/comments?post=471"}],"version-history":[{"count":3,"href":"https:\/\/energieregion-seeland.ch\/fr\/wp-json\/wp\/v2\/pages\/471\/revisions"}],"predecessor-version":[{"id":623,"href":"https:\/\/energieregion-seeland.ch\/fr\/wp-json\/wp\/v2\/pages\/471\/revisions\/623"}],"wp:attachment":[{"href":"https:\/\/energieregion-seeland.ch\/fr\/wp-json\/wp\/v2\/media?parent=471"}],"curies":[{"name":"wp","href":"https:\/\/api.w.org\/{rel}","templated":true}]}}